{"id":2917,"date":"2025-03-12T10:11:24","date_gmt":"2025-03-12T10:11:24","guid":{"rendered":"https:\/\/access-edu.eu\/circa\/"},"modified":"2025-03-12T10:11:26","modified_gmt":"2025-03-12T10:11:26","slug":"circa","status":"publish","type":"page","link":"https:\/\/access-edu.eu\/it\/circa\/","title":{"rendered":"Circa"},"content":{"rendered":"\t\t<div data-elementor-type=\"wp-page\" data-elementor-id=\"2917\" class=\"elementor elementor-2917 elementor-2313\" data-elementor-post-type=\"page\">\n\t\t\t\t<div class=\"elementor-element elementor-element-42d9daf e-flex e-con-boxed e-con e-parent\" data-id=\"42d9daf\" data-element_type=\"container\" data-settings=\"{&quot;background_background&quot;:&quot;classic&quot;}\">\n\t\t\t\t\t<div class=\"e-con-inner\">\n\t\t<div class=\"elementor-element elementor-element-95f5406 e-con-full e-flex e-con e-child\" data-id=\"95f5406\" data-element_type=\"container\">\n\t\t\t\t<div class=\"elementor-element elementor-element-656a8f6 elementor-widget elementor-widget-image\" data-id=\"656a8f6\" data-element_type=\"widget\" data-widget_type=\"image.default\">\n\t\t\t\t<div class=\"elementor-widget-container\">\n\t\t\t\t\t\t\t\t\t\t\t\t\t\t\t<img fetchpriority=\"high\" decoding=\"async\" width=\"800\" height=\"988\" src=\"https:\/\/access-edu.eu\/wp-content\/uploads\/2024\/09\/giati-na-epileksete-emas-829x1024.png\" class=\"attachment-large size-large wp-image-1856\" alt=\"\" srcset=\"https:\/\/access-edu.eu\/wp-content\/uploads\/2024\/09\/giati-na-epileksete-emas-829x1024.png 829w, https:\/\/access-edu.eu\/wp-content\/uploads\/2024\/09\/giati-na-epileksete-emas-243x300.png 243w, https:\/\/access-edu.eu\/wp-content\/uploads\/2024\/09\/giati-na-epileksete-emas-768x949.png 768w, https:\/\/access-edu.eu\/wp-content\/uploads\/2024\/09\/giati-na-epileksete-emas.png 1214w\" sizes=\"(max-width: 800px) 100vw, 800px\" \/>\t\t\t\t\t\t\t\t\t\t\t\t\t\t\t<\/div>\n\t\t\t\t<\/div>\n\t\t\t\t<\/div>\n\t\t<div class=\"elementor-element elementor-element-4812217 e-con-full e-flex e-con e-child\" data-id=\"4812217\" data-element_type=\"container\">\n\t\t\t\t<div class=\"elementor-element elementor-element-2cfe3a0 elementor-widget elementor-widget-heading\" data-id=\"2cfe3a0\" data-element_type=\"widget\" data-widget_type=\"heading.default\">\n\t\t\t\t<div class=\"elementor-widget-container\">\n\t\t\t\t\t<h1 class=\"elementor-heading-title elementor-size-default\">Il progetto<\/h1>\t\t\t\t<\/div>\n\t\t\t\t<\/div>\n\t\t\t\t<\/div>\n\t\t\t\t\t<\/div>\n\t\t\t\t<\/div>\n\t\t<div class=\"elementor-element elementor-element-43788d5 e-flex e-con-boxed e-con e-parent\" data-id=\"43788d5\" data-element_type=\"container\">\n\t\t\t\t\t<div class=\"e-con-inner\">\n\t\t\t\t<div class=\"elementor-element elementor-element-dac5768 elementor-widget elementor-widget-spacer\" data-id=\"dac5768\" data-element_type=\"widget\" data-widget_type=\"spacer.default\">\n\t\t\t\t<div class=\"elementor-widget-container\">\n\t\t\t\t\t\t\t<div class=\"elementor-spacer\">\n\t\t\t<div class=\"elementor-spacer-inner\"><\/div>\n\t\t<\/div>\n\t\t\t\t\t\t<\/div>\n\t\t\t\t<\/div>\n\t\t\t\t\t<\/div>\n\t\t\t\t<\/div>\n\t\t<div class=\"elementor-element elementor-element-04a2046 e-flex e-con-boxed e-con e-parent\" data-id=\"04a2046\" data-element_type=\"container\">\n\t\t\t\t\t<div class=\"e-con-inner\">\n\t\t<div class=\"elementor-element elementor-element-f139f6d e-con-full e-flex e-con e-child\" data-id=\"f139f6d\" data-element_type=\"container\">\n\t\t\t\t<div class=\"elementor-element elementor-element-29d7af5 elementor-widget elementor-widget-heading\" data-id=\"29d7af5\" data-element_type=\"widget\" data-widget_type=\"heading.default\">\n\t\t\t\t<div class=\"elementor-widget-container\">\n\t\t\t\t\t<h3 class=\"elementor-heading-title elementor-size-default\">Bisogni<\/h3>\t\t\t\t<\/div>\n\t\t\t\t<\/div>\n\t\t\t\t<div class=\"elementor-element elementor-element-460d36e elementor-widget elementor-widget-text-editor\" data-id=\"460d36e\" data-element_type=\"widget\" data-widget_type=\"text-editor.default\">\n\t\t\t\t<div class=\"elementor-widget-container\">\n\t\t\t\t\t\t\t\t\t<p>I disturbi di apprendimento (DSA) influenzano la capacit\u00e0 di un bambino di acquisire ed elaborare informazioni, rendendogli pi\u00f9 difficile accedere ai percorsi di apprendimento tradizionali. Gli esempi pi\u00f9 comuni sono la dislessia, disgrafia e discalculia. Oggi i DSA sono in aumento; questo \u00e8 dovuto ad una maggiore consapevolezza, ad una diagnosi precoce e cambiamenti negli ambienti educativi e sociali.<\/p>\n<p>L&#8217;identificazione precoce dei DSA \u00e8 fondamentale. La ricerca mostra che un intervento tempestivo durante gli anni della scuola primaria (et\u00e0 6-10) pu\u00f2 migliorare significativamente i risultati di apprendimento e ridurre la necessit\u00e0 di supporto specializzato in seguito. La diagnosi precoce consente strategie di insegnamento personalizzate, assicurando che i bambini ricevano l&#8217;aiuto di cui hanno bisogno per crescere a scuola e nella societ\u00e0.<\/p>\n\t\t\t\t\t\t\t\t<\/div>\n\t\t\t\t<\/div>\n\t\t\t\t<\/div>\n\t\t<div class=\"elementor-element elementor-element-7367ac1 e-con-full e-flex e-con e-child\" data-id=\"7367ac1\" data-element_type=\"container\">\n\t\t\t\t<div class=\"elementor-element elementor-element-244d7f2 elementor-widget elementor-widget-image\" data-id=\"244d7f2\" data-element_type=\"widget\" data-widget_type=\"image.default\">\n\t\t\t\t<div class=\"elementor-widget-container\">\n\t\t\t\t\t\t\t\t\t\t\t\t\t\t\t<img decoding=\"async\" width=\"800\" height=\"800\" src=\"https:\/\/access-edu.eu\/wp-content\/uploads\/2024\/12\/About-the-project-01.jpg\" class=\"attachment-large size-large wp-image-2921\" alt=\"\" srcset=\"https:\/\/access-edu.eu\/wp-content\/uploads\/2024\/12\/About-the-project-01.jpg 1000w, https:\/\/access-edu.eu\/wp-content\/uploads\/2024\/12\/About-the-project-01-300x300.jpg 300w, https:\/\/access-edu.eu\/wp-content\/uploads\/2024\/12\/About-the-project-01-150x150.jpg 150w, https:\/\/access-edu.eu\/wp-content\/uploads\/2024\/12\/About-the-project-01-768x768.jpg 768w, https:\/\/access-edu.eu\/wp-content\/uploads\/2024\/12\/About-the-project-01-700x700.jpg 700w\" sizes=\"(max-width: 800px) 100vw, 800px\" \/>\t\t\t\t\t\t\t\t\t\t\t\t\t\t\t<\/div>\n\t\t\t\t<\/div>\n\t\t\t\t<\/div>\n\t\t\t\t\t<\/div>\n\t\t\t\t<\/div>\n\t\t<div class=\"elementor-element elementor-element-626523d e-flex e-con-boxed e-con e-parent\" data-id=\"626523d\" data-element_type=\"container\">\n\t\t\t\t\t<div class=\"e-con-inner\">\n\t\t<div class=\"elementor-element elementor-element-c382754 e-con-full e-flex e-con e-child\" data-id=\"c382754\" data-element_type=\"container\">\n\t\t\t\t<div class=\"elementor-element elementor-element-2bf8976 elementor-widget elementor-widget-heading\" data-id=\"2bf8976\" data-element_type=\"widget\" data-widget_type=\"heading.default\">\n\t\t\t\t<div class=\"elementor-widget-container\">\n\t\t\t\t\t<h3 class=\"elementor-heading-title elementor-size-default\">Obiettivi Specifici<\/h3>\t\t\t\t<\/div>\n\t\t\t\t<\/div>\n\t\t\t\t<div class=\"elementor-element elementor-element-90049b6 elementor-icon-list--layout-traditional elementor-list-item-link-full_width elementor-widget elementor-widget-icon-list\" data-id=\"90049b6\" data-element_type=\"widget\" data-widget_type=\"icon-list.default\">\n\t\t\t\t<div class=\"elementor-widget-container\">\n\t\t\t\t\t\t\t<ul class=\"elementor-icon-list-items\">\n\t\t\t\t\t\t\t<li class=\"elementor-icon-list-item\">\n\t\t\t\t\t\t\t\t\t\t\t<span class=\"elementor-icon-list-icon\">\n\t\t\t\t\t\t\t<svg xmlns=\"http:\/\/www.w3.org\/2000\/svg\" xmlns:xlink=\"http:\/\/www.w3.org\/1999\/xlink\" id=\"goal\" x=\"0px\" y=\"0px\" viewBox=\"0 0 512 512\" style=\"enable-background:new 0 0 512 512;\" xml:space=\"preserve\"><g>\t<path d=\"M195.4,234.6c-23.6,22-24.9,58.8-2.9,82.4s58.8,24.9,82.4,2.9c1-0.9,2-1.9,2.9-2.9l60.4-60.6c1.4,6.4,2,12.9,1.9,19.4  c0,57.2-46.4,103.6-103.6,103.6S133,333,133,275.8s46.4-103.6,103.6-103.6l0,0c6.5-0.1,13,0.6,19.4,1.9L195.4,234.6z\"><\/path>\t<path d=\"M469.8,275.8c0,128.8-104.4,233.2-233.2,233.2S3.4,404.6,3.4,275.8S107.8,42.6,236.6,42.6C278.3,42.5,319.2,53.7,355,75  l-58.3,58.3c-79-33.5-170.3,3.4-203.8,82.4s3.4,170.3,82.4,203.8s170.3-3.4,203.8-82.4c16.5-38.8,16.5-82.6,0-121.4l58.3-58.3  C458.7,193.2,469.9,234.1,469.8,275.8z\"><\/path>\t<path d=\"M498,64.2l-33-16.7l-16.7-33c-4.4-9.8-15.9-14.1-25.7-9.7c-5.7,2.6-9.7,7.7-11,13.8L394,91L222.8,262  c-7.6,7.6-7.7,19.9-0.1,27.5c0,0,0.1,0.1,0.1,0.1c7.6,7.6,19.9,7.7,27.5,0.1c0,0,0.1-0.1,0.1-0.1l171-171.2l72.5-17.5  c10.4-2.6,16.7-13.2,14.1-23.6c-1.4-5.4-5-10-10-12.5L498,64.2z\"><\/path><\/g><\/svg>\t\t\t\t\t\t<\/span>\n\t\t\t\t\t\t\t\t\t\t<span class=\"elementor-icon-list-text\">Fornire agli insegnanti le conoscenze e gli strumenti per individuare e affrontare le difficolt\u00e0 di apprendimento emergenti.<\/span>\n\t\t\t\t\t\t\t\t\t<\/li>\n\t\t\t\t\t\t\t\t<li class=\"elementor-icon-list-item\">\n\t\t\t\t\t\t\t\t\t\t\t<span class=\"elementor-icon-list-icon\">\n\t\t\t\t\t\t\t<svg xmlns=\"http:\/\/www.w3.org\/2000\/svg\" xmlns:xlink=\"http:\/\/www.w3.org\/1999\/xlink\" id=\"goal\" x=\"0px\" y=\"0px\" viewBox=\"0 0 512 512\" style=\"enable-background:new 0 0 512 512;\" xml:space=\"preserve\"><g>\t<path d=\"M195.4,234.6c-23.6,22-24.9,58.8-2.9,82.4s58.8,24.9,82.4,2.9c1-0.9,2-1.9,2.9-2.9l60.4-60.6c1.4,6.4,2,12.9,1.9,19.4  c0,57.2-46.4,103.6-103.6,103.6S133,333,133,275.8s46.4-103.6,103.6-103.6l0,0c6.5-0.1,13,0.6,19.4,1.9L195.4,234.6z\"><\/path>\t<path d=\"M469.8,275.8c0,128.8-104.4,233.2-233.2,233.2S3.4,404.6,3.4,275.8S107.8,42.6,236.6,42.6C278.3,42.5,319.2,53.7,355,75  l-58.3,58.3c-79-33.5-170.3,3.4-203.8,82.4s3.4,170.3,82.4,203.8s170.3-3.4,203.8-82.4c16.5-38.8,16.5-82.6,0-121.4l58.3-58.3  C458.7,193.2,469.9,234.1,469.8,275.8z\"><\/path>\t<path d=\"M498,64.2l-33-16.7l-16.7-33c-4.4-9.8-15.9-14.1-25.7-9.7c-5.7,2.6-9.7,7.7-11,13.8L394,91L222.8,262  c-7.6,7.6-7.7,19.9-0.1,27.5c0,0,0.1,0.1,0.1,0.1c7.6,7.6,19.9,7.7,27.5,0.1c0,0,0.1-0.1,0.1-0.1l171-171.2l72.5-17.5  c10.4-2.6,16.7-13.2,14.1-23.6c-1.4-5.4-5-10-10-12.5L498,64.2z\"><\/path><\/g><\/svg>\t\t\t\t\t\t<\/span>\n\t\t\t\t\t\t\t\t\t\t<span class=\"elementor-icon-list-text\">Fornire supporto e risorse agli insegnanti per aiutarli a rilevare efficacemente le difficolt\u00e0 di apprendimento emergenti e a gestirle in modo efficace in classe.<\/span>\n\t\t\t\t\t\t\t\t\t<\/li>\n\t\t\t\t\t\t\t\t<li class=\"elementor-icon-list-item\">\n\t\t\t\t\t\t\t\t\t\t\t<span class=\"elementor-icon-list-icon\">\n\t\t\t\t\t\t\t<svg xmlns=\"http:\/\/www.w3.org\/2000\/svg\" xmlns:xlink=\"http:\/\/www.w3.org\/1999\/xlink\" id=\"goal\" x=\"0px\" y=\"0px\" viewBox=\"0 0 512 512\" style=\"enable-background:new 0 0 512 512;\" xml:space=\"preserve\"><g>\t<path d=\"M195.4,234.6c-23.6,22-24.9,58.8-2.9,82.4s58.8,24.9,82.4,2.9c1-0.9,2-1.9,2.9-2.9l60.4-60.6c1.4,6.4,2,12.9,1.9,19.4  c0,57.2-46.4,103.6-103.6,103.6S133,333,133,275.8s46.4-103.6,103.6-103.6l0,0c6.5-0.1,13,0.6,19.4,1.9L195.4,234.6z\"><\/path>\t<path d=\"M469.8,275.8c0,128.8-104.4,233.2-233.2,233.2S3.4,404.6,3.4,275.8S107.8,42.6,236.6,42.6C278.3,42.5,319.2,53.7,355,75  l-58.3,58.3c-79-33.5-170.3,3.4-203.8,82.4s3.4,170.3,82.4,203.8s170.3-3.4,203.8-82.4c16.5-38.8,16.5-82.6,0-121.4l58.3-58.3  C458.7,193.2,469.9,234.1,469.8,275.8z\"><\/path>\t<path d=\"M498,64.2l-33-16.7l-16.7-33c-4.4-9.8-15.9-14.1-25.7-9.7c-5.7,2.6-9.7,7.7-11,13.8L394,91L222.8,262  c-7.6,7.6-7.7,19.9-0.1,27.5c0,0,0.1,0.1,0.1,0.1c7.6,7.6,19.9,7.7,27.5,0.1c0,0,0.1-0.1,0.1-0.1l171-171.2l72.5-17.5  c10.4-2.6,16.7-13.2,14.1-23.6c-1.4-5.4-5-10-10-12.5L498,64.2z\"><\/path><\/g><\/svg>\t\t\t\t\t\t<\/span>\n\t\t\t\t\t\t\t\t\t\t<span class=\"elementor-icon-list-text\">Fornire ai genitori materiale informativo e consigli pratici per supportare attivamente l'apprendimento dei propri figli a casa.<\/span>\n\t\t\t\t\t\t\t\t\t<\/li>\n\t\t\t\t\t\t<\/ul>\n\t\t\t\t\t\t<\/div>\n\t\t\t\t<\/div>\n\t\t\t\t<\/div>\n\t\t<div class=\"elementor-element elementor-element-321485f e-con-full e-flex e-con e-child\" data-id=\"321485f\" data-element_type=\"container\">\n\t\t\t\t<div class=\"elementor-element elementor-element-e3394c8 elementor-widget elementor-widget-heading\" data-id=\"e3394c8\" data-element_type=\"widget\" data-widget_type=\"heading.default\">\n\t\t\t\t<div class=\"elementor-widget-container\">\n\t\t\t\t\t<h3 class=\"elementor-heading-title elementor-size-default\">Obiettivo generale<\/h3>\t\t\t\t<\/div>\n\t\t\t\t<\/div>\n\t\t\t\t<div class=\"elementor-element elementor-element-2c78021 elementor-widget elementor-widget-text-editor\" data-id=\"2c78021\" data-element_type=\"widget\" data-widget_type=\"text-editor.default\">\n\t\t\t\t<div class=\"elementor-widget-container\">\n\t\t\t\t\t\t\t\t\t<p>Il progetto ACCESS ha come obiettivo il \u00a0supporto ai bambini con DSA in et\u00e0 compresa tra 6 e 10 anni nelle scuole. Fornendo agli insegnanti conoscenze e strumenti, fornendo ai genitori una guida pratica e promuovendo la collaborazione tra educatori e famiglie, il progetto cerca di garantire una diagnosi precoce e una gestione efficace dei DSA. ACCESS si impegna a creare classi inclusive in cui tutti gli studenti possano raggiungere il loro pieno potenziale.<\/p>\n\t\t\t\t\t\t\t\t<\/div>\n\t\t\t\t<\/div>\n\t\t\t\t<\/div>\n\t\t\t\t\t<\/div>\n\t\t\t\t<\/div>\n\t\t<div class=\"elementor-element elementor-element-b75a265 e-flex e-con-boxed e-con e-parent\" data-id=\"b75a265\" data-element_type=\"container\">\n\t\t\t\t\t<div class=\"e-con-inner\">\n\t\t\t\t<div class=\"elementor-element elementor-element-1ea78a0 elementor-widget elementor-widget-spacer\" data-id=\"1ea78a0\" data-element_type=\"widget\" data-widget_type=\"spacer.default\">\n\t\t\t\t<div class=\"elementor-widget-container\">\n\t\t\t\t\t\t\t<div class=\"elementor-spacer\">\n\t\t\t<div class=\"elementor-spacer-inner\"><\/div>\n\t\t<\/div>\n\t\t\t\t\t\t<\/div>\n\t\t\t\t<\/div>\n\t\t\t\t\t<\/div>\n\t\t\t\t<\/div>\n\t\t\t\t<\/div>\n\t\t","protected":false},"excerpt":{"rendered":"<p>Il progetto Bisogni I disturbi di apprendimento (DSA) influenzano la capacit\u00e0 di un bambino di acquisire ed elaborare informazioni, rendendogli pi\u00f9 difficile accedere ai percorsi di apprendimento tradizionali. Gli esempi pi\u00f9 comuni sono la dislessia, disgrafia e discalculia. Oggi i DSA sono in aumento; questo \u00e8 dovuto ad una maggiore consapevolezza, ad una diagnosi precoce [&hellip;]<\/p>\n","protected":false},"author":2,"featured_media":2922,"parent":0,"menu_order":0,"comment_status":"closed","ping_status":"closed","template":"","meta":{"footnotes":""},"class_list":["post-2917","page","type-page","status-publish","has-post-thumbnail","hentry"],"_links":{"self":[{"href":"https:\/\/access-edu.eu\/it\/wp-json\/wp\/v2\/pages\/2917","targetHints":{"allow":["GET"]}}],"collection":[{"href":"https:\/\/access-edu.eu\/it\/wp-json\/wp\/v2\/pages"}],"about":[{"href":"https:\/\/access-edu.eu\/it\/wp-json\/wp\/v2\/types\/page"}],"author":[{"embeddable":true,"href":"https:\/\/access-edu.eu\/it\/wp-json\/wp\/v2\/users\/2"}],"replies":[{"embeddable":true,"href":"https:\/\/access-edu.eu\/it\/wp-json\/wp\/v2\/comments?post=2917"}],"version-history":[{"count":1,"href":"https:\/\/access-edu.eu\/it\/wp-json\/wp\/v2\/pages\/2917\/revisions"}],"predecessor-version":[{"id":2923,"href":"https:\/\/access-edu.eu\/it\/wp-json\/wp\/v2\/pages\/2917\/revisions\/2923"}],"wp:featuredmedia":[{"embeddable":true,"href":"https:\/\/access-edu.eu\/it\/wp-json\/wp\/v2\/media\/2922"}],"wp:attachment":[{"href":"https:\/\/access-edu.eu\/it\/wp-json\/wp\/v2\/media?parent=2917"}],"curies":[{"name":"wp","href":"https:\/\/api.w.org\/{rel}","templated":true}]}}